{"id":762,"date":"2018-04-03T08:10:57","date_gmt":"2018-04-03T06:10:57","guid":{"rendered":"https:\/\/www.ttm-europe.com\/spinning-machinery\/"},"modified":"2022-08-10T14:58:25","modified_gmt":"2022-08-10T12:58:25","slug":"hiladoras","status":"publish","type":"page","link":"https:\/\/www.ttm-europe.com\/es\/productos\/hiladoras\/","title":{"rendered":"Hiladoras"},"content":{"rendered":"<div class=\"wpb-content-wrapper\">[vc_section el_class=\u00bbwk-callout\u00bb][vc_row][vc_column width=\u00bb1\/4&#8243;][\/vc_column][vc_column offset=\u00bbvc_col-lg-6 vc_col-md-6&#8243;][vc_column_text]\n<h1 style=\"text-align: center;\">Hiladoras<\/h1>\n[\/vc_column_text][vc_column_text]\n<p style=\"text-align: center;\">Toyota Industries ha desarrollado una extensa gama de m\u00e1quinas de hilar para cubrir las diversas necesidades de nuestros clientes, incluidas hiladoras de anillos de alta velocidad y mecheras.<\/p>\n[\/vc_column_text]<div class=\"vcex-icon vcex-module vcex-icon-normal wpex-float-none wpex-m-auto wpex-text-center\"><a href=\"#main\" class=\"vcex-icon-link wpex-no-underline local-scroll-link\"><div class=\"vcex-icon-wrap wpex-inline-flex wpex-items-center wpex-justify-center wpex-leading-none\"><span class=\"wpex-icon\" aria-hidden=\"true\"><svg xmlns=\"http:\/\/www.w3.org\/2000\/svg\" viewBox=\"0 0 448 512\"><path d=\"M246.6 470.6c-12.5 12.5-32.8 12.5-45.3 0l-160-160c-12.5-12.5-12.5-32.8 0-45.3s32.8-12.5 45.3 0L224 402.7 361.4 265.4c12.5-12.5 32.8-12.5 45.3 0s12.5 32.8 0 45.3l-160 160zm160-352l-160 160c-12.5 12.5-32.8 12.5-45.3 0l-160-160c-12.5-12.5-12.5-32.8 0-45.3s32.8-12.5 45.3 0L224 210.7 361.4 73.4c12.5-12.5 32.8-12.5 45.3 0s12.5 32.8 0 45.3z\"\/><\/svg><\/span><\/div><\/a><\/div>[\/vc_column][vc_column width=\u00bb1\/4&#8243;][\/vc_column][\/vc_row][\/vc_section][vc_section full_width=\u00bbstretch_row\u00bb el_class=\u00bbwk-callout\u00bb css=\u00bb.vc_custom_1660136221292{background-color: #eeebe9 !important;}\u00bb local_scroll_id=\u00bbmain\u00bb el_id=\u00bbHilar-el-anillo\u00bb][vc_row equal_height=\u00bbyes\u00bb][vc_column offset=\u00bbvc_col-lg-6 vc_col-md-6&#8243;][vc_single_image image=\u00bb102&#8243; alignment=\u00bbcenter\u00bb][\/vc_column][vc_column width=\u00bb1\/2&#8243; css=\u00bb.vc_custom_1522736283939{background-position: center !important;background-repeat: no-repeat !important;background-size: cover !important;}\u00bb][vc_column_text]\n<h2>RX300 (Hiladora de anillos de alta velocidad)<\/h2>\n<p>Nuevas cotas de flexibilidad y eficiencia energ\u00e9tica<\/p>\n<p>La RX300 ofrece la calidad, productividad, operabilidad y facilidad de mantenimiento que se espera de una hiladora. Esto se consigue mediante las avanzadas tecnolog\u00edas de Toyota, como una geometr\u00eda de hilado patentada, ascenso positivo y un panel de control en color de 10,5 pulgadas. Tambi\u00e9n hemos montado un sistema para gestionar la gama completa de hilos especiales: somos el primer fabricante de hiladoras del mundo que lo ha hecho. Con un funcionamiento f\u00e1cil y simple, es posible hilar hilos especiales con cualquier patr\u00f3n. Adem\u00e1s, el sistema de control Toyota Monitoring System (TMS) permite la conexi\u00f3n a internet, adem\u00e1s de un dise\u00f1o de primera energ\u00e9ticamente eficiente (reduce el consumo de electricidad en torno a un 5 %) y que ahorra espacio (hasta 1.824 husos), y tiempos m\u00ednimos de mudada.<\/p>\n<p>La serie de hiladoras de anillos de alto rendimiento RX de Toyota entra en una nueva generaci\u00f3n: la RX300.<\/p>\n<p>&#8211; Ahorro de energ\u00eda: los nuevos motores de los husos y de estiraje son de alta eficiencia y ofrecen un gran ahorro de energ\u00eda. Adem\u00e1s, se ha mejorado la configuraci\u00f3n del sistema neum\u00e1tico, garantizando una succi\u00f3n eficiente con baja potencia.<\/p>\n<ul>\n<li>Versatilidad todo en uno: Desde fibras de algod\u00f3n a fibras sint\u00e9ticas, t\u00edtulo de hilo grueso o fino, hilo normal, compacto o de fantas\u00eda, todo ello con una sola m\u00e1quina.<\/li>\n<li>Gran productividad y fiabilidad: La robusta estructura de la RX300 garantiza un funcionamiento preciso durante periodos prolongados. Para el movimiento vertical del portaanillos se emplea un mecanismo de ascenso positivo mediante husillo accionado por servomotor que no precisa correas. Mediante el movimiento en dos etapas de los anillos se consigue un control ideal del bal\u00f3n.<\/li>\n<\/ul>\n[\/vc_column_text][vc_separator color=\u00bbblack\u00bb css=\u00bb.vc_custom_1522736034555{margin-top: 40px !important;margin-bottom: 20px !important;}\u00bb][vc_column_text]\n<h3>Especificaciones principales<\/h3>\n[\/vc_column_text][vc_row_inner][vc_column_inner width=\u00bb1\/2&#8243;][vc_column_text]<strong>Velocidad m\u00e1xima de los husos<\/strong><br \/>\n25,000 rpm<\/p>\n<p><strong>Cantidad m\u00e1xima de husos<\/strong><br \/>\n1.824 husos<\/p>\n<p><strong>Grosor del huso<\/strong><br \/>\n70 mm, 75 mm[\/vc_column_text][\/vc_column_inner][vc_column_inner width=\u00bb1\/2&#8243;][vc_column_text]<strong>Largo de la bobina (ascenso)<\/strong><br \/>\n180 (155) mm, 210 (185) mm, 230 (205) mm<\/p>\n<p><strong>Sistema de accionamiento de los husos<\/strong><br \/>\n4 husos por cinta de accionamiento<\/p>\n<p><strong>Sistema neum\u00e1tico de limpieza por succi\u00f3n<\/strong><br \/>\nTobera simple[\/vc_column_text][\/vc_column_inner][\/vc_row_inner][\/vc_column][\/vc_row][\/vc_section][vc_section full_width=\u00bbstretch_row\u00bb el_class=\u00bbwk-section\u00bb el_id=\u00bbMarco-de-mimbre\u00bb][vc_row equal_height=\u00bbyes\u00bb][vc_column offset=\u00bbvc_col-lg-6 vc_col-md-6&#8243;][vc_single_image image=\u00bb103&#8243;][\/vc_column][vc_column css=\u00bb.vc_custom_1523534978779{background-position: center !important;background-repeat: no-repeat !important;background-size: cover !important;}\u00bb offset=\u00bbvc_col-lg-6 vc_col-md-6&#8243;][vc_column_text]\n<h2>FL200 (mechera de alta velocidad)<\/h2>\n<p>La FL200 de \u00faltima generaci\u00f3n naci\u00f3 fruto de la incesante b\u00fasqueda de Toyota por encontrar la mechera ideal, una que permita a cualquiera producir mechas de alta calidad a gran velocidad, que era el objetivo de la FL100. El accionamiento trimotor independiente de la FL100 ha evolucionado y se ha convertido en un accionamiento cuatrimotor. Adem\u00e1s, lo \u00faltimo en tecnolog\u00eda servo y un rendimiento radicalmente mejorado de la CPU permite a\u00fan mayor precisi\u00f3n y control. La FL200 tiene un rendimiento sobresaliente en todos los aspectos de productividad y calidad de mechado gracias a las sinergias con su controlador de la tensi\u00f3n de alto rendimiento. Adem\u00e1s, un panel de control interactivo en color con una pantalla con iconos f\u00e1ciles de leer permite a los operarios seleccionar autom\u00e1ticamente las condiciones \u00f3ptimas.<\/p>\n<p>El nuevo accionamiento cuatrimotor incluye lo siguiente:<\/p>\n<ul>\n<li>Motor principal: acciona las mecheras<\/li>\n<li>Motor de estiraje: acciona los rodillos inferiores<\/li>\n<li>Motor de devanado; acciona las bobinas<\/li>\n<li>Motor de ascenso: acciona el carro portabobinas<\/li>\n<\/ul>\n<p>La FL200 garantiza un proceso de mechado superior a todas las dem\u00e1s en cuanto a prestaciones y productividad.<\/p>\n<ul>\n<li>Mechera de alta velocidad: Para mantener una \u00f3ptima calidad de los resultados en el funcionamiento a alta velocidad, la FL200 utiliza una mechera dise\u00f1ada especialmente para funcionamiento a alta velocidad. Por ello la FL200 funciona con total fiabilidad a velocidades de hasta 1.500 rpm.<\/li>\n<li>Dispositivo de control autom\u00e1tico de la velocidad de la mechera con inversor: el cliente solo tiene que introducir la velocidad media que desea para la mechera y las condiciones b\u00e1sicas de mechado. El ordenador determinar\u00e1 autom\u00e1ticamente el patr\u00f3n \u00f3ptimo de progresi\u00f3n de la velocidad y ajustar\u00e1 la velocidad de la mechera mediante el inversor para mantener una fuerza centr\u00edfuga constante en el mechado. Esto reduce las roturas, mejorando la eficiencia y facilitando el funcionamiento.<\/li>\n<li>Sistema de control avanzado: Hemos a\u00f1adido una nueva funci\u00f3n de control que va prediciendo y corrigiendo el aumento de di\u00e1metro de la bobina bas\u00e1ndose en los datos operativos que va acumulando. El resultado es una mayor precisi\u00f3n en la determinaci\u00f3n de las condiciones reales, lo que permite proporcionar el tama\u00f1o de paquete \u00f3ptimo con la tensi\u00f3n \u00f3ptima sin prueba de mechado.<\/li>\n<\/ul>\n<p>Toyota Industries desarrolla y fabrica telares con dos m\u00e9todos de inserci\u00f3n de trama diferentes: por agua y por aire. El objetivo es ofrecer a nuestros clientes la maquinaria para tejer y el m\u00e9todo de inserci\u00f3n de trama m\u00e1s avanzados y adecuados para una gran variedad de aplicaciones que destacan por su rapidez y fiabilidad.[\/vc_column_text][vc_separator color=\u00bbblack\u00bb css=\u00bb.vc_custom_1522736034555{margin-top: 40px !important;margin-bottom: 20px !important;}\u00bb][vc_column_text]\n<h3>Especificaciones principales<\/h3>\n[\/vc_column_text][vc_row_inner][vc_column_inner][vc_column_text]<strong>Cantidad de husos<\/strong><br \/>\n192 (varilla de 440 mm) \/ 200 (varilla de 520 mm)<\/p>\n<p><strong>Ascenso<\/strong><br \/>\n406 mm<\/p>\n<p><strong>Di\u00e1metro de la bobina llena<\/strong><br \/>\n152 mm<\/p>\n<p><strong>Sistema de estiraje<\/strong><br \/>\n4 l\u00edneas, tipo D, doble bolsa[\/vc_column_text][\/vc_column_inner][\/vc_row_inner][vc_empty_space height=\u00bb50px\u00bb][\/vc_column][\/vc_row][\/vc_section][vc_row][vc_column]<div class=\"templatera_shortcode\"><style type=\"text\/css\" data-type=\"vc_shortcodes-default-css\">.vc_do_btn{margin-bottom:22px;}<\/style><style type=\"text\/css\" data-type=\"vc_shortcodes-custom-css\">.vc_custom_1522735374774{background-color: #0950a0 !important;}<\/style>[vc_row full_width=\"stretch_row\" typography_style=\"white\" el_class=\"wk-callout\" css=\".vc_custom_1522735374774{background-color: #0950a0 !important;}\"][vc_column width=\"1\/4\"][\/vc_column][vc_column offset=\"vc_col-lg-6 vc_col-md-6\"][vc_column_text]\r\n<h2>\u00bfQu\u00e9 podemos hacer por usted?<\/h2>\r\nNo dude en ponerse en contacto con nosotros.[\/vc_column_text][vc_btn title=\"P\u00f3ngase en contacto con nosotros\" style=\"custom\" custom_background=\"#ffffff\" custom_text=\"#0950a0\" shape=\"round\" el_class=\"wk-button\" link=\"url:%2Fes%2Fcontacto%2F\"][\/vc_column][vc_column width=\"1\/4\"][\/vc_column][\/vc_row]<\/div>[\/vc_column][\/vc_row]\n<\/div>","protected":false},"excerpt":{"rendered":"<p>[vc_section el_class=\u00bbwk-callout\u00bb][vc_row][vc_column width=\u00bb1\/4&#8243;][\/vc_column][vc_column offset=\u00bbvc_col-lg-6 vc_col-md-6&#8243;][vc_column_text] Hiladoras [\/vc_column_text][vc_column_text] Toyota Industries ha desarrollado una extensa gama de m\u00e1quinas de hilar para cubrir las diversas necesidades de nuestros clientes, incluidas hiladoras de anillos de alta velocidad y mecheras. [\/vc_column_text][\/vc_column][vc_column width=\u00bb1\/4&#8243;][\/vc_column][\/vc_row][\/vc_section][vc_section full_width=\u00bbstretch_row\u00bb el_class=\u00bbwk-callout\u00bb css=\u00bb.vc_custom_1660136221292{background-color: #eeebe9 !important;}\u00bb local_scroll_id=\u00bbmain\u00bb el_id=\u00bbHilar-el-anillo\u00bb][vc_row equal_height=\u00bbyes\u00bb][vc_column offset=\u00bbvc_col-lg-6 vc_col-md-6&#8243;][vc_single_image image=\u00bb102&#8243; alignment=\u00bbcenter\u00bb][\/vc_column][vc_column width=\u00bb1\/2&#8243; css=\u00bb.vc_custom_1522736283939{background-position: center !important;background-repeat: no-repeat !important;background-size:&hellip;<\/p>\n","protected":false},"author":1,"featured_media":0,"parent":771,"menu_order":0,"comment_status":"closed","ping_status":"closed","template":"","meta":{"footnotes":""},"class_list":["post-762","page","type-page","status-publish","hentry","entry","no-media"],"_links":{"self":[{"href":"https:\/\/www.ttm-europe.com\/es\/wp-json\/wp\/v2\/pages\/762","targetHints":{"allow":["GET"]}}],"collection":[{"href":"https:\/\/www.ttm-europe.com\/es\/wp-json\/wp\/v2\/pages"}],"about":[{"href":"https:\/\/www.ttm-europe.com\/es\/wp-json\/wp\/v2\/types\/page"}],"author":[{"embeddable":true,"href":"https:\/\/www.ttm-europe.com\/es\/wp-json\/wp\/v2\/users\/1"}],"replies":[{"embeddable":true,"href":"https:\/\/www.ttm-europe.com\/es\/wp-json\/wp\/v2\/comments?post=762"}],"version-history":[{"count":5,"href":"https:\/\/www.ttm-europe.com\/es\/wp-json\/wp\/v2\/pages\/762\/revisions"}],"predecessor-version":[{"id":838,"href":"https:\/\/www.ttm-europe.com\/es\/wp-json\/wp\/v2\/pages\/762\/revisions\/838"}],"up":[{"embeddable":true,"href":"https:\/\/www.ttm-europe.com\/es\/wp-json\/wp\/v2\/pages\/771"}],"wp:attachment":[{"href":"https:\/\/www.ttm-europe.com\/es\/wp-json\/wp\/v2\/media?parent=762"}],"curies":[{"name":"wp","href":"https:\/\/api.w.org\/{rel}","templated":true}]}}