{"id":757,"date":"2018-04-23T09:08:15","date_gmt":"2018-04-23T07:08:15","guid":{"rendered":"https:\/\/www.ttm-europe.com\/weaving-machinery\/"},"modified":"2022-08-10T14:59:53","modified_gmt":"2022-08-10T12:59:53","slug":"telares","status":"publish","type":"page","link":"https:\/\/www.ttm-europe.com\/es\/productos\/telares\/","title":{"rendered":"Telares"},"content":{"rendered":"<div class=\"wpb-content-wrapper\">[vc_section el_class=\u00bbwk-callout\u00bb][vc_row][vc_column width=\u00bb1\/4&#8243;][\/vc_column][vc_column offset=\u00bbvc_col-lg-6 vc_col-md-6&#8243;][vc_column_text]\n<h1 style=\"text-align: center;\">Telares<\/h1>\n[\/vc_column_text][vc_column_text]\n<p style=\"text-align: center;\">Toyota Industries desarrolla y fabrica telares con dos m\u00e9todos de inserci\u00f3n de trama diferentes: por agua y por aire. El objetivo es ofrecer a nuestros clientes la maquinaria para tejer y el m\u00e9todo de inserci\u00f3n de trama m\u00e1s avanzados y adecuados para una gran variedad de aplicaciones que destacan por su rapidez y fiabilidad.<\/p>\n[\/vc_column_text]<div class=\"vcex-icon vcex-module vcex-icon-normal wpex-float-none wpex-m-auto wpex-text-center\"><a href=\"#main\" class=\"vcex-icon-link wpex-no-underline local-scroll-link\"><div class=\"vcex-icon-wrap wpex-inline-flex wpex-items-center wpex-justify-center wpex-leading-none\"><span class=\"wpex-icon\" aria-hidden=\"true\"><svg xmlns=\"http:\/\/www.w3.org\/2000\/svg\" viewBox=\"0 0 448 512\"><path d=\"M246.6 470.6c-12.5 12.5-32.8 12.5-45.3 0l-160-160c-12.5-12.5-12.5-32.8 0-45.3s32.8-12.5 45.3 0L224 402.7 361.4 265.4c12.5-12.5 32.8-12.5 45.3 0s12.5 32.8 0 45.3l-160 160zm160-352l-160 160c-12.5 12.5-32.8 12.5-45.3 0l-160-160c-12.5-12.5-12.5-32.8 0-45.3s32.8-12.5 45.3 0L224 210.7 361.4 73.4c12.5-12.5 32.8-12.5 45.3 0s12.5 32.8 0 45.3z\"\/><\/svg><\/span><\/div><\/a><\/div>[\/vc_column][vc_column width=\u00bb1\/4&#8243;][\/vc_column][\/vc_row][\/vc_section][vc_section full_width=\u00bbstretch_row\u00bb el_class=\u00bbwk-callout\u00bb css=\u00bb.vc_custom_1660135827543{background-color: #eeebe9 !important;}\u00bb local_scroll_id=\u00bbmain\u00bb el_id=\u00bbChorro-de-aire\u00bb][vc_row equal_height=\u00bbyes\u00bb][vc_column offset=\u00bbvc_col-lg-6 vc_col-md-6&#8243;][vc_single_image image=\u00bb173&#8243; alignment=\u00bbcenter\u00bb][\/vc_column][vc_column width=\u00bb1\/2&#8243; css=\u00bb.vc_custom_1522736283939{background-position: center !important;background-repeat: no-repeat !important;background-size: cover !important;}\u00bb][vc_column_text]\n<h2>JAT810 (telar de chorro de aire)<\/h2>\n<p>Basada en la tecnolog\u00eda y los conceptos de dise\u00f1o m\u00e1s avanzados, la serie JAT permite a nuestros clientes la m\u00e1s amplia gama de aplicaciones al menor coste de producci\u00f3n posible. JAT810 ofrece una amplia gama de caracter\u00edsticas originales de Toyota, incluido un sistema de ahorro de aire, un sistema de inserci\u00f3n flexible y boquillas multit\u00e1ndem para reducir el consumo de energ\u00eda. Nuestro sistema de calada electr\u00f3nica de \u00faltima generaci\u00f3n (e-shed) permite a nuestros clientes alcanzar nuevas cotas y desarrollar los estilos m\u00e1s espectaculares a velocidades que superan en velocidad a cualquier otro sistema de formaci\u00f3n de la calada. Adem\u00e1s, un panel de funciones y un sistema de gesti\u00f3n de f\u00e1brica de reciente desarrollo mejoran dr\u00e1sticamente la operatividad y el control de todo el proceso de tisaje.<\/p>\n<p>Nuestro famoso JAT710 ha sido un \u00e9xito de ventas desde su lanzamiento en 2003. Las ventas de JAT710 han alcanzado las 70.000 unidades. Este modelo sigue siendo el n\u00famero uno en el mundo en cuota de mercado de telares de chorro de aire (entre 2003 y 2013). Este telar ha tenido muchos grandes clientes en todo el mundo.<br \/>\nAhora trabajamos con el nuevo JAT810. El nuevo JAT810 ha heredado el excelente rendimiento del JAT710, pero ofrece un mayor ahorro de energ\u00eda y versatilidad combinados con mayor facilidad de uso.<\/p>\n<p>El JAT810 ha evolucionado con el tiempo y ha sido dise\u00f1ado para satisfacer todas sus necesidades de tisaje. Tiene las siguientes caracter\u00edsticas:<\/p>\n<ul>\n<li>El nuevo sistema de ahorro de aire reduce los costes de funcionamiento de la m\u00e1quina. Un sistema de ahorro de aire nuevo consigue una inserci\u00f3n de trama a baja presi\u00f3n. Tambi\u00e9n permite reducir la presi\u00f3n suministrada desde el compresor de aire.<\/li>\n<li>Un mecanismo electr\u00f3nico de formaci\u00f3n de la calada m\u00e1s evolucionado con servomotores independientes que accionan individualmente los marcos de lizos. Es el mecanismo de calada definitivo, con una operatividad y versatilidad superiores a las de las maquinitas de lizos y una velocidad igual o superior a la de la formaci\u00f3n de la calada por levas exc\u00e9ntricas. El sistema b\u00e1sico ha sido recientemente redise\u00f1ado para la tercera generaci\u00f3n de este dispositivo; para este mecanismo de calada hemos desarrollado internamente servocontroladores y motores de alto rendimiento. Telas que antes eran muy dif\u00edciles de tejer ahora se pueden tejer a alta velocidad.<\/li>\n<li>Nuevo sistema de asistencia al tisaje (WAS): adem\u00e1s de las funciones existentes (configuraci\u00f3n ICS, par\u00e1metros el\u00e9ctricos y par\u00e1metros mec\u00e1nicos) que permiten configurar autom\u00e1ticamente las condiciones de tisaje \u00f3ptimas simplemente seleccionando los par\u00e1metros del tejido, hemos dise\u00f1ado un asistente para los ajustes que ayuda al operario en muchas tareas. Por ejemplo, le ayuda a configurar los mejores ajustes para reducir las marcas de paro y la cantidad de fallos. Adem\u00e1s, para el control de calidad, el sistema WAS monitoriza la cantidad de fallos y las anomal\u00edas, como un consumo excesivo de aire, activa una advertencia y apaga la m\u00e1quina para evitar da\u00f1os en el producto. De esta forma se mantiene un alto nivel de calidad en la producci\u00f3n textil.<\/li>\n<li>Las tecnolog\u00edas de menor vibraci\u00f3n permiten un funcionamiento estable a alta velocidad.<\/li>\n<\/ul>\n[\/vc_column_text][vc_separator color=\u00bbblack\u00bb css=\u00bb.vc_custom_1522736034555{margin-top: 40px !important;margin-bottom: 20px !important;}\u00bb][vc_column_text]\n<h3>Especificaciones principales<\/h3>\n[\/vc_column_text][vc_row_inner][vc_column_inner][vc_column_text]<strong>Inserci\u00f3n de trama<\/strong><br \/>\nTambor el\u00e9ctrico simple, tambor el\u00e9ctrico con cambio de 2, 4, 6 y 8 colores<\/p>\n<p><strong>Ancho nominal del peine<\/strong><br \/>\n140 cm, 150 cm, 170 cm, 190 cm, 210 cm, 230 cm, 250 cm, 260 cm, 280 cm, 300 cm, 340 cm, 360 cm, 390 cm<\/p>\n<p><strong>Formaci\u00f3n de la calada<\/strong><br \/>\nLevas negativas, levas positivas, manivela, maquinita de lizos, calada electr\u00f3nica, Jacquard[\/vc_column_text][\/vc_column_inner][\/vc_row_inner][\/vc_column][\/vc_row][\/vc_section][vc_section full_width=\u00bbstretch_row\u00bb el_class=\u00bbwk-section\u00bb el_id=\u00bbChorro-de-agua\u00bb][vc_row equal_height=\u00bbyes\u00bb][vc_column offset=\u00bbvc_col-lg-6 vc_col-md-6&#8243;][vc_single_image image=\u00bb174&#8243;][\/vc_column][vc_column css=\u00bb.vc_custom_1523534978779{background-position: center !important;background-repeat: no-repeat !important;background-size: cover !important;}\u00bb offset=\u00bbvc_col-lg-6 vc_col-md-6&#8243;][vc_column_text]\n<h2>LWT810 (telar de chorro de agua)<\/h2>\n<p>Innovaci\u00f3n para el futuro, fiabilidad del pasado: le presentamos nuestro telar de chorro de agua LWT 810<\/p>\n<p>El LWT810 mejora la productividad y la calidad con los \u00faltimos avances tecnol\u00f3gicos que los clientes esperan de Toyota al tiempo que ofrece el m\u00e1ximo ahorro de energ\u00eda para proteger nuestro medio ambiente.<\/p>\n<p>El nuevo telar de chorro de agua Toyota LWT810 es su inversi\u00f3n en el futuro. Incluye las siguientes caracter\u00edsticas:<\/p>\n<ul>\n<li>Alta calidad y productividad mejorada: carrera corta y un mayor tiempo de inserci\u00f3n de la trama, lo que consigue mejoras dr\u00e1sticas en el funcionamiento a alta velocidad y una mayor calidad con un esfuerzo m\u00ednimo del hilo.<\/li>\n<li>Operatividad y asistencia: el nuevo panel de funciones del LWT810 ofrece los \u00faltimos avances electr\u00f3nicos y de resoluci\u00f3n de problemas, incluida mejor visibilidad, mejor funcionalidad de la m\u00e1quina y un manejo mejorado.<\/li>\n<li>Gesti\u00f3n de f\u00e1brica: el nuevo sistema de gesti\u00f3n de f\u00e1brica, basado en el Toyota Monitoring System, ofrece un mayor nivel de gesti\u00f3n de la productividad y la calidad en tiempo real mostrando informes sobre turnos, distribuci\u00f3n real de la planta y estado de funcionamiento en varios formatos.<\/li>\n<\/ul>\n[\/vc_column_text][vc_separator color=\u00bbblack\u00bb css=\u00bb.vc_custom_1522736034555{margin-top: 40px !important;margin-bottom: 20px !important;}\u00bb][vc_column_text]\n<h3>Especificaciones principales<\/h3>\n[\/vc_column_text][vc_row_inner][vc_column_inner][vc_column_text]<strong>Inserci\u00f3n de trama<\/strong><br \/>\nBomba sencilla, bomba doble<\/p>\n<p><strong>Ancho nominal del peine<\/strong><br \/>\n170 cm, 190 cm, 210 cm, 230 cm, 280 cm<\/p>\n<p><strong>Formaci\u00f3n de la calada<\/strong><br \/>\nLevas negativas, levas positivas, manivela, maquinita de lizos[\/vc_column_text][\/vc_column_inner][\/vc_row_inner][\/vc_column][\/vc_row][\/vc_section][vc_section el_class=\u00bbwk-section\u00bb][\/vc_section][vc_row][vc_column]<div class=\"templatera_shortcode\"><style type=\"text\/css\" data-type=\"vc_shortcodes-default-css\">.vc_do_btn{margin-bottom:22px;}<\/style><style type=\"text\/css\" data-type=\"vc_shortcodes-custom-css\">.vc_custom_1522735374774{background-color: #0950a0 !important;}<\/style>[vc_row full_width=\"stretch_row\" typography_style=\"white\" el_class=\"wk-callout\" css=\".vc_custom_1522735374774{background-color: #0950a0 !important;}\"][vc_column width=\"1\/4\"][\/vc_column][vc_column offset=\"vc_col-lg-6 vc_col-md-6\"][vc_column_text]\r\n<h2>\u00bfQu\u00e9 podemos hacer por usted?<\/h2>\r\nNo dude en ponerse en contacto con nosotros.[\/vc_column_text][vc_btn title=\"P\u00f3ngase en contacto con nosotros\" style=\"custom\" custom_background=\"#ffffff\" custom_text=\"#0950a0\" shape=\"round\" el_class=\"wk-button\" link=\"url:%2Fes%2Fcontacto%2F\"][\/vc_column][vc_column width=\"1\/4\"][\/vc_column][\/vc_row]<\/div>[\/vc_column][\/vc_row]\n<\/div>","protected":false},"excerpt":{"rendered":"<p>[vc_section el_class=\u00bbwk-callout\u00bb][vc_row][vc_column width=\u00bb1\/4&#8243;][\/vc_column][vc_column offset=\u00bbvc_col-lg-6 vc_col-md-6&#8243;][vc_column_text] Telares [\/vc_column_text][vc_column_text] Toyota Industries desarrolla y fabrica telares con dos m\u00e9todos de inserci\u00f3n de trama diferentes: por agua y por aire. El objetivo es ofrecer a nuestros clientes la maquinaria para tejer y el m\u00e9todo de inserci\u00f3n de trama m\u00e1s avanzados y adecuados para una gran variedad de aplicaciones que&hellip;<\/p>\n","protected":false},"author":1,"featured_media":0,"parent":771,"menu_order":0,"comment_status":"closed","ping_status":"closed","template":"","meta":{"footnotes":""},"class_list":["post-757","page","type-page","status-publish","hentry","entry","no-media"],"_links":{"self":[{"href":"https:\/\/www.ttm-europe.com\/es\/wp-json\/wp\/v2\/pages\/757","targetHints":{"allow":["GET"]}}],"collection":[{"href":"https:\/\/www.ttm-europe.com\/es\/wp-json\/wp\/v2\/pages"}],"about":[{"href":"https:\/\/www.ttm-europe.com\/es\/wp-json\/wp\/v2\/types\/page"}],"author":[{"embeddable":true,"href":"https:\/\/www.ttm-europe.com\/es\/wp-json\/wp\/v2\/users\/1"}],"replies":[{"embeddable":true,"href":"https:\/\/www.ttm-europe.com\/es\/wp-json\/wp\/v2\/comments?post=757"}],"version-history":[{"count":5,"href":"https:\/\/www.ttm-europe.com\/es\/wp-json\/wp\/v2\/pages\/757\/revisions"}],"predecessor-version":[{"id":837,"href":"https:\/\/www.ttm-europe.com\/es\/wp-json\/wp\/v2\/pages\/757\/revisions\/837"}],"up":[{"embeddable":true,"href":"https:\/\/www.ttm-europe.com\/es\/wp-json\/wp\/v2\/pages\/771"}],"wp:attachment":[{"href":"https:\/\/www.ttm-europe.com\/es\/wp-json\/wp\/v2\/media?parent=757"}],"curies":[{"name":"wp","href":"https:\/\/api.w.org\/{rel}","templated":true}]}}