{"id":747,"date":"2022-06-09T08:26:11","date_gmt":"2022-06-09T06:26:11","guid":{"rendered":"https:\/\/www.ttm-europe.com\/news\/"},"modified":"2022-08-10T11:25:02","modified_gmt":"2022-08-10T09:25:02","slug":"noticias","status":"publish","type":"page","link":"https:\/\/www.ttm-europe.com\/es\/noticias\/","title":{"rendered":"Noticias"},"content":{"rendered":"<div class=\"wpb-content-wrapper\">[vc_section el_class=\u00bbwk-callout\u00bb][vc_row][vc_column width=\u00bb1\/4&#8243;][\/vc_column][vc_column offset=\u00bbvc_col-lg-6 vc_col-md-6&#8243;][vc_column_text]\n<h1 style=\"text-align: center;\">Noticias<\/h1>\n[\/vc_column_text][vc_column_text]\n<p style=\"text-align: center;\">Est\u00e9 siempre al d\u00eda con nuestra p\u00e1gina de noticias.<\/p>\n[\/vc_column_text]<div class=\"vcex-icon vcex-module vcex-icon-normal wpex-float-none wpex-m-auto wpex-text-center btn-post\"><a href=\"#main\" class=\"vcex-icon-link wpex-no-underline local-scroll-link\"><div class=\"vcex-icon-wrap wpex-inline-flex wpex-items-center wpex-justify-center wpex-leading-none\"><span class=\"wpex-icon\" aria-hidden=\"true\"><svg xmlns=\"http:\/\/www.w3.org\/2000\/svg\" viewBox=\"0 0 448 512\"><path d=\"M246.6 470.6c-12.5 12.5-32.8 12.5-45.3 0l-160-160c-12.5-12.5-12.5-32.8 0-45.3s32.8-12.5 45.3 0L224 402.7 361.4 265.4c12.5-12.5 32.8-12.5 45.3 0s12.5 32.8 0 45.3l-160 160zm160-352l-160 160c-12.5 12.5-32.8 12.5-45.3 0l-160-160c-12.5-12.5-12.5-32.8 0-45.3s32.8-12.5 45.3 0L224 210.7 361.4 73.4c12.5-12.5 32.8-12.5 45.3 0s12.5 32.8 0 45.3z\"\/><\/svg><\/span><\/div><\/a><\/div>[\/vc_column][vc_column width=\u00bb1\/4&#8243;][\/vc_column][\/vc_row][vc_row][vc_column][vc_separator][\/vc_column][\/vc_row][\/vc_section][vc_row][vc_column]<style>.vcex-blog-grid-wrap.vcex_69ea6d7abcf0e .entry-title{font-size:24px;}.vcex-blog-grid-wrap.vcex_69ea6d7abcf0e .entry-readmore{border-radius:var(--wpex-rounded-full);}<\/style><div class=\"vcex-module vcex-blog-grid-wrap wpex-clr wk-preview-post vcex_69ea6d7abcf0e\"><div class=\"wpex-row vcex-blog-grid wpex-clr entries gap-10\"><div class=\"vcex-blog-entry vcex-grid-item entry-has-details span_1_of_3 col-1 col entry post-749 type-post has-media cat-5 translation_priority-7\"><div class=\"vcex-blog-entry-inner entry-inner wpex-first-mt-0 wpex-last-mb-0 wpex-clr\"><div class=\"vcex-blog-entry-media entry-media wpex-relative\"><a href=\"https:\/\/www.ttm-europe.com\/es\/toyota-textile-machinery-europe-ag\/\" title=\"TOYOTA TEXTILE MACHINERY EUROPE AG\"><img width=\"512\" height=\"249\" src=\"https:\/\/www.ttm-europe.com\/wp-content\/uploads\/2022\/06\/unnamed.jpeg\" class=\"vcex-blog-entry-img wpex-align-middle\" alt=\"\" loading=\"lazy\" decoding=\"async\" srcset=\"https:\/\/www.ttm-europe.com\/wp-content\/uploads\/2022\/06\/unnamed.jpeg 512w, https:\/\/www.ttm-europe.com\/wp-content\/uploads\/2022\/06\/unnamed-300x146.jpeg 300w\" sizes=\"auto, (max-width: 512px) 100vw, 512px\" \/><\/a><\/div><div class=\"vcex-blog-entry-details entry-details wpex-bordered wpex-first-mt-0 wpex-last-mb-0 wpex-clr\"><h2 class=\"vcex-blog-entry-title entry-title wpex-mb-5\"><a href=\"https:\/\/www.ttm-europe.com\/es\/toyota-textile-machinery-europe-ag\/\">TOYOTA TEXTILE MACHINERY EUROPE AG<\/a><\/h2><div class=\"vcex-blog-entry-date entry-date wpex-text-sm wpex-text-3 wpex-mb-5\">9 de junio de 2022<\/div><div class=\"vcex-blog-entry-excerpt entry-excerpt wpex-my-15 wpex-text-pretty wpex-last-mb-0 wpex-clr\"><p>TOYOTA TEXTILE MACHINERY EUROPE AG participar\u00e1 en la Exposici\u00f3n Internacional de Maquinaria Textil ITM 2022,&hellip;<\/p><\/div><div class=\"vcex-blog-entry-readmore-wrap entry-readmore-wrap wpex-my-15 wpex-clr\"><a href=\"https:\/\/www.ttm-europe.com\/es\/toyota-textile-machinery-europe-ag\/\" class=\"entry-readmore theme-button\" aria-label=\"Leer m\u00e1s about TOYOTA TEXTILE MACHINERY EUROPE AG\">Leer m\u00e1s<\/a><\/div><\/div><\/div><\/div><\/div><\/div>[\/vc_column][\/vc_row][vc_row][vc_column]<div class=\"templatera_shortcode\"><style type=\"text\/css\" data-type=\"vc_shortcodes-default-css\">.vc_do_btn{margin-bottom:22px;}<\/style><style type=\"text\/css\" data-type=\"vc_shortcodes-custom-css\">.vc_custom_1522735374774{background-color: #0950a0 !important;}<\/style>[vc_row full_width=\"stretch_row\" typography_style=\"white\" el_class=\"wk-callout\" css=\".vc_custom_1522735374774{background-color: #0950a0 !important;}\"][vc_column width=\"1\/4\"][\/vc_column][vc_column offset=\"vc_col-lg-6 vc_col-md-6\"][vc_column_text]\r\n<h2>\u00bfQu\u00e9 podemos hacer por usted?<\/h2>\r\nNo dude en ponerse en contacto con nosotros.[\/vc_column_text][vc_btn title=\"P\u00f3ngase en contacto con nosotros\" style=\"custom\" custom_background=\"#ffffff\" custom_text=\"#0950a0\" shape=\"round\" el_class=\"wk-button\" link=\"url:%2Fes%2Fcontacto%2F\"][\/vc_column][vc_column width=\"1\/4\"][\/vc_column][\/vc_row]<\/div>[\/vc_column][\/vc_row]\n<\/div>","protected":false},"excerpt":{"rendered":"<p>[vc_section el_class=\u00bbwk-callout\u00bb][vc_row][vc_column width=\u00bb1\/4&#8243;][\/vc_column][vc_column offset=\u00bbvc_col-lg-6 vc_col-md-6&#8243;][vc_column_text] Noticias [\/vc_column_text][vc_column_text] Est\u00e9 siempre al d\u00eda con nuestra p\u00e1gina de noticias. [\/vc_column_text][\/vc_column][vc_column width=\u00bb1\/4&#8243;][\/vc_column][\/vc_row][vc_row][vc_column][vc_separator][\/vc_column][\/vc_row][\/vc_section][vc_row][vc_column][\/vc_column][\/vc_row][vc_row][vc_column][\/vc_column][\/vc_row]<\/p>\n","protected":false},"author":1,"featured_media":0,"parent":0,"menu_order":0,"comment_status":"closed","ping_status":"closed","template":"","meta":{"footnotes":""},"class_list":["post-747","page","type-page","status-publish","hentry","entry","has-media"],"_links":{"self":[{"href":"https:\/\/www.ttm-europe.com\/es\/wp-json\/wp\/v2\/pages\/747","targetHints":{"allow":["GET"]}}],"collection":[{"href":"https:\/\/www.ttm-europe.com\/es\/wp-json\/wp\/v2\/pages"}],"about":[{"href":"https:\/\/www.ttm-europe.com\/es\/wp-json\/wp\/v2\/types\/page"}],"author":[{"embeddable":true,"href":"https:\/\/www.ttm-europe.com\/es\/wp-json\/wp\/v2\/users\/1"}],"replies":[{"embeddable":true,"href":"https:\/\/www.ttm-europe.com\/es\/wp-json\/wp\/v2\/comments?post=747"}],"version-history":[{"count":3,"href":"https:\/\/www.ttm-europe.com\/es\/wp-json\/wp\/v2\/pages\/747\/revisions"}],"predecessor-version":[{"id":819,"href":"https:\/\/www.ttm-europe.com\/es\/wp-json\/wp\/v2\/pages\/747\/revisions\/819"}],"wp:attachment":[{"href":"https:\/\/www.ttm-europe.com\/es\/wp-json\/wp\/v2\/media?parent=747"}],"curies":[{"name":"wp","href":"https:\/\/api.w.org\/{rel}","templated":true}]}}